{"id":324,"date":"2021-10-31T16:30:08","date_gmt":"2021-10-31T15:30:08","guid":{"rendered":"http:\/\/amis-institut.fr\/?page_id=324"},"modified":"2022-09-07T10:18:04","modified_gmt":"2022-09-07T08:18:04","slug":"jadhere","status":"publish","type":"page","link":"https:\/\/amis-institut.fr\/?page_id=324","title":{"rendered":"J&#8217;adh\u00e8re!"},"content":{"rendered":"\n<p>L&#8217;adh\u00e9sion aux Amis de l&#8217;Institut est essentielle pour la vie de notre association. Elle vous permet \u00e9galement de b\u00e9n\u00e9ficier d&#8217;un tarif r\u00e9duit. Aussit\u00f4t votre adh\u00e9sion enregistr\u00e9e, vous recevrez votre carte d&#8217;adh\u00e9rent et le programme papier de la saison. N&#8217;attendez-plus! Soutenez nos actions!<\/p>\n\n\n<p><iframe width=\"950\" height=\"750\" src=\"https:\/\/www.helloasso.com\/associations\/les-amis-de-l-institut\/adhesions\/adhesion-amis-de-l-institut?_gl=1%2a7fjnrn%2a_ga%2aMTA3NjMzNzU2Ny4xNjYyNTMyNzgz%2a_ga_TKC826G3G2%2aMTY2MjUzNzUyNS4yLjEuMTY2MjUzNzkyNC4wLjAuMA..&#038;_ga=2.144137717.1132717442.1662532783-1076337567.1662532783\"><\/iframe><\/p>\n","protected":false},"excerpt":{"rendered":"<p>L&#8217;adh\u00e9sion aux Amis de l&#8217;Institut est essentielle pour la vie de notre association. Elle vous permet \u00e9galement de b\u00e9n\u00e9ficier d&#8217;un tarif r\u00e9duit. Aussit\u00f4t votre adh\u00e9sion enregistr\u00e9e, vous recevrez votre carte d&#8217;adh\u00e9rent et le programme papier de la saison. N&#8217;attendez-plus! Soutenez nos actions!<\/p>\n","protected":false},"author":1,"featured_media":0,"parent":0,"menu_order":0,"comment_status":"closed","ping_status":"closed","template":"","meta":[],"_links":{"self":[{"href":"https:\/\/amis-institut.fr\/index.php?rest_route=\/wp\/v2\/pages\/324"}],"collection":[{"href":"https:\/\/amis-institut.fr\/index.php?rest_route=\/wp\/v2\/pages"}],"about":[{"href":"https:\/\/amis-institut.fr\/index.php?rest_route=\/wp\/v2\/types\/page"}],"author":[{"embeddable":true,"href":"https:\/\/amis-institut.fr\/index.php?rest_route=\/wp\/v2\/users\/1"}],"replies":[{"embeddable":true,"href":"https:\/\/amis-institut.fr\/index.php?rest_route=%2Fwp%2Fv2%2Fcomments&post=324"}],"version-history":[{"count":4,"href":"https:\/\/amis-institut.fr\/index.php?rest_route=\/wp\/v2\/pages\/324\/revisions"}],"predecessor-version":[{"id":379,"href":"https:\/\/amis-institut.fr\/index.php?rest_route=\/wp\/v2\/pages\/324\/revisions\/379"}],"wp:attachment":[{"href":"https:\/\/amis-institut.fr\/index.php?rest_route=%2Fwp%2Fv2%2Fmedia&parent=324"}],"curies":[{"name":"wp","href":"https:\/\/api.w.org\/{rel}","templated":true}]}}