{"id":19,"date":"2020-06-29T18:04:59","date_gmt":"2020-06-29T16:04:59","guid":{"rendered":"http:\/\/amis-institut.fr\/?page_id=19"},"modified":"2020-09-22T10:31:06","modified_gmt":"2020-09-22T08:31:06","slug":"qui-sommes-nous","status":"publish","type":"page","link":"https:\/\/amis-institut.fr\/?page_id=19","title":{"rendered":"Qui sommes-nous"},"content":{"rendered":"\n<p>Cr\u00e9e en 2019, l&#8217;association &#8220;Les Amis de l&#8217;Institut&#8221; a pour objectif de faire conna\u00eetre le r\u00e9pertoire de la musique de chambre \u00e0 tous les publics;<\/p>\n\n\n\n<p>Qu&#8217;il soit isol\u00e9, \u00e9loign\u00e9, emp\u00each\u00e9, connaisseur ou non, chacun peut d\u00e9couvrir \u00e0 sa mani\u00e8re cette musique dite &#8220;savante&#8221;, et les artistes musiciens, en petit nombre dans ces formations, peuvent aller au plus pr\u00e8s du public pour partager leur savoir et leurs \u00e9motions.<\/p>\n\n\n\n<p>Cette mission s&#8217;appuie sur trois types d&#8217;actions:<\/p>\n\n\n\n<ul><li>Chaque ann\u00e9e, une s\u00e9rie de concerts est organis\u00e9e \u00e0 la Salle de l&#8217;Institut \u00e0 destination du grand public. Cette programmation permet de contribuer au d\u00e9veloppement de l&#8217;offre culturelle \u00e0 Orl\u00e9ans.<\/li><li>Des actions sociales, o\u00f9 les artistes se d\u00e9placent dans diff\u00e9rentes structures de la r\u00e9gion<\/li><li>Des actions p\u00e9dagogiques, afin de compl\u00e9ter l&#8217;offre faite aux structures \u00e9ducatives.<\/li><\/ul>\n","protected":false},"excerpt":{"rendered":"<p>Cr\u00e9e en 2019, l&#8217;association &#8220;Les Amis de l&#8217;Institut&#8221; a pour objectif de faire conna\u00eetre le r\u00e9pertoire de la musique de chambre \u00e0 tous les publics; Qu&#8217;il soit isol\u00e9, \u00e9loign\u00e9, emp\u00each\u00e9, connaisseur ou non, chacun peut d\u00e9couvrir \u00e0 sa mani\u00e8re cette musique dite &#8220;savante&#8221;, et les artistes musiciens, en petit nombre dans ces formations, peuvent aller&hellip; <br \/> <a class=\"read-more\" href=\"https:\/\/amis-institut.fr\/?page_id=19\">Read more<\/a><\/p>\n","protected":false},"author":1,"featured_media":0,"parent":0,"menu_order":0,"comment_status":"closed","ping_status":"closed","template":"","meta":[],"_links":{"self":[{"href":"https:\/\/amis-institut.fr\/index.php?rest_route=\/wp\/v2\/pages\/19"}],"collection":[{"href":"https:\/\/amis-institut.fr\/index.php?rest_route=\/wp\/v2\/pages"}],"about":[{"href":"https:\/\/amis-institut.fr\/index.php?rest_route=\/wp\/v2\/types\/page"}],"author":[{"embeddable":true,"href":"https:\/\/amis-institut.fr\/index.php?rest_route=\/wp\/v2\/users\/1"}],"replies":[{"embeddable":true,"href":"https:\/\/amis-institut.fr\/index.php?rest_route=%2Fwp%2Fv2%2Fcomments&post=19"}],"version-history":[{"count":4,"href":"https:\/\/amis-institut.fr\/index.php?rest_route=\/wp\/v2\/pages\/19\/revisions"}],"predecessor-version":[{"id":279,"href":"https:\/\/amis-institut.fr\/index.php?rest_route=\/wp\/v2\/pages\/19\/revisions\/279"}],"wp:attachment":[{"href":"https:\/\/amis-institut.fr\/index.php?rest_route=%2Fwp%2Fv2%2Fmedia&parent=19"}],"curies":[{"name":"wp","href":"https:\/\/api.w.org\/{rel}","templated":true}]}}