{"id":17,"date":"2020-06-29T18:04:59","date_gmt":"2020-06-29T16:04:59","guid":{"rendered":"http:\/\/amis-institut.fr\/?page_id=17"},"modified":"2020-09-19T14:16:42","modified_gmt":"2020-09-19T12:16:42","slug":"actions-sociales","status":"publish","type":"page","link":"https:\/\/amis-institut.fr\/?page_id=17","title":{"rendered":"Actions sociales"},"content":{"rendered":"\n<p>Chaque concert propos\u00e9 \u00e0 la salle de l&#8217;Institut nous permet de r\u00e9aliser une action sociale dans un lieu habituellement \u00e9loign\u00e9 de la musique: h\u00f4pital, EPHAD, centres \u00e9ducatifs&#8230;<\/p>\n\n\n\n<p>Chaque repr\u00e9sentation donne \u00e9galement lieu \u00e0 une action p\u00e9dagogique, destin\u00e9e \u00e0 initier les \u00e9l\u00e8ves d&#8217;\u00e9cole primaire \u00e0 la musique &#8220;classique&#8221;.<\/p>\n\n\n\n<p>L&#8217;ann\u00e9e derni\u00e8re, c&#8217;est plus de 1500 \u00e9l\u00e8ves qui ont b\u00e9n\u00e9fici\u00e9 de ce programme, et plusieurs lieux de vie pour personnes \u00e2g\u00e9es.<\/p>\n\n\n\n<p>Cette ann\u00e9e, COVID-19 oblige, notre action sociale est perturb\u00e9e. Nous nous mobilisons pour trouver de nouvelles solutions afin de porter la beaut\u00e9 partout dans notre r\u00e9gion. Si vous avez des id\u00e9es, contactez-nous!<\/p>\n\n\n\n<div class=\"wp-block-image\"><figure class=\"aligncenter size-large\"><img loading=\"lazy\" width=\"960\" height=\"720\" src=\"http:\/\/amis-institut.fr\/wp-content\/uploads\/2020\/09\/83971388_3395671963792923_2090332038610550784_n.jpg\" alt=\"\" class=\"wp-image-262\" srcset=\"https:\/\/amis-institut.fr\/wp-content\/uploads\/2020\/09\/83971388_3395671963792923_2090332038610550784_n.jpg 960w, https:\/\/amis-institut.fr\/wp-content\/uploads\/2020\/09\/83971388_3395671963792923_2090332038610550784_n-300x225.jpg 300w, https:\/\/amis-institut.fr\/wp-content\/uploads\/2020\/09\/83971388_3395671963792923_2090332038610550784_n-768x576.jpg 768w\" sizes=\"(max-width: 960px) 100vw, 960px\" \/><\/figure><\/div>\n","protected":false},"excerpt":{"rendered":"<p>Chaque concert propos\u00e9 \u00e0 la salle de l&#8217;Institut nous permet de r\u00e9aliser une action sociale dans un lieu habituellement \u00e9loign\u00e9 de la musique: h\u00f4pital, EPHAD, centres \u00e9ducatifs&#8230; Chaque repr\u00e9sentation donne \u00e9galement lieu \u00e0 une action p\u00e9dagogique, destin\u00e9e \u00e0 initier les \u00e9l\u00e8ves d&#8217;\u00e9cole primaire \u00e0 la musique &#8220;classique&#8221;. L&#8217;ann\u00e9e derni\u00e8re, c&#8217;est plus de 1500 \u00e9l\u00e8ves qui&hellip; <br \/> <a class=\"read-more\" href=\"https:\/\/amis-institut.fr\/?page_id=17\">Read more<\/a><\/p>\n","protected":false},"author":1,"featured_media":0,"parent":0,"menu_order":0,"comment_status":"closed","ping_status":"closed","template":"","meta":[],"_links":{"self":[{"href":"https:\/\/amis-institut.fr\/index.php?rest_route=\/wp\/v2\/pages\/17"}],"collection":[{"href":"https:\/\/amis-institut.fr\/index.php?rest_route=\/wp\/v2\/pages"}],"about":[{"href":"https:\/\/amis-institut.fr\/index.php?rest_route=\/wp\/v2\/types\/page"}],"author":[{"embeddable":true,"href":"https:\/\/amis-institut.fr\/index.php?rest_route=\/wp\/v2\/users\/1"}],"replies":[{"embeddable":true,"href":"https:\/\/amis-institut.fr\/index.php?rest_route=%2Fwp%2Fv2%2Fcomments&post=17"}],"version-history":[{"count":3,"href":"https:\/\/amis-institut.fr\/index.php?rest_route=\/wp\/v2\/pages\/17\/revisions"}],"predecessor-version":[{"id":263,"href":"https:\/\/amis-institut.fr\/index.php?rest_route=\/wp\/v2\/pages\/17\/revisions\/263"}],"wp:attachment":[{"href":"https:\/\/amis-institut.fr\/index.php?rest_route=%2Fwp%2Fv2%2Fmedia&parent=17"}],"curies":[{"name":"wp","href":"https:\/\/api.w.org\/{rel}","templated":true}]}}